{"id":3362,"date":"2024-04-25T16:06:36","date_gmt":"2024-04-25T14:06:36","guid":{"rendered":"https:\/\/harmonikalischefrequenzen.de\/resetowanie-hasla\/"},"modified":"2024-04-25T16:06:36","modified_gmt":"2024-04-25T14:06:36","slug":"resetowanie-hasla","status":"publish","type":"page","link":"https:\/\/harmonikalischefrequenzen.de\/pl\/resetowanie-hasla\/","title":{"rendered":"Resetowanie has\u0142a"},"content":{"rendered":"<div class=\"um um-password um-um_password_id\">\n\t<div class=\"um-form\">\n\t\t<form method=\"post\" action=\"\">\n\t\t\t\n\t\t\t\t<input type=\"hidden\" name=\"_um_password_reset\" id=\"_um_password_reset\" value=\"1\" \/>\n\n\t\t\t\t\t\t\t\t\t<div class=\"um-field um-field-block um-field-type_block\">\n\t\t\t\t\t\t<div class=\"um-field-block\">\n\t\t\t\t\t\t\t<div style=\"text-align:center;\">\n\t\t\t\t\t\t\t\tAby zresetowa\u0107 has\u0142o, wprowad\u017a poni\u017cej sw\u00f3j adres e-mail lub nazw\u0119 u\u017cytkownika.\t\t\t\t\t\t\t<\/div>\n\t\t\t\t\t\t<\/div>\n\t\t\t\t\t<\/div>\n\t\t\t\t\t<div  id=\"um_field_0_username_b\" class=\"um-field um-field-text  um-field-username_b um-field-text um-field-type_text\" data-key=\"username_b\"><div class=\"um-field-area\"><input  autocomplete=\"off\" class=\"um-form-field valid \" type=\"text\" name=\"username_b\" id=\"username_b\" value=\"\" placeholder=\"Wpisz swoj\u0105 nazw\u0119 u\u017cytkownika lub e-mail\" data-validate=\"\" data-key=\"username_b\"  aria-invalid=\"false\" \/>\n\n\t\t\t\t\t\t<\/div><\/div>\t\t\t\t<div class=\"um-col-alt um-col-alt-b\">\n\t\t\t\t\t<div class=\"um-center\">\n\t\t\t\t\t\t<input type=\"submit\" value=\"Reset password\" class=\"um-button\" id=\"um-submit-btn\" \/>\n\t\t\t\t\t<\/div>\n\t\t\t\t\t<div class=\"um-clear\"><\/div>\n\t\t\t\t<\/div>\n\t\t\t\t\t<input type=\"hidden\" name=\"form_id\" id=\"form_id_um_password_id\" value=\"um_password_id\" \/>\n\t\t<p class=\"um_request_name\">\n\t\t<label for=\"um_request_um_password_id\">Only fill in if you are not human<\/label>\n\t\t<input type=\"hidden\" name=\"um_request\" id=\"um_request_um_password_id\" class=\"input\" value=\"\" size=\"25\" autocomplete=\"off\" \/>\n\t<\/p>\n\t\t\t<\/form>\n\t<\/div>\n<\/div>\n<style>\n\t\t\t.um-um_password_id.um {\n\t\t\tmax-width: 450px;\n\t\t}\n\t\t<\/style>\n\n","protected":false},"excerpt":{"rendered":"","protected":false},"author":1,"featured_media":0,"parent":0,"menu_order":0,"comment_status":"closed","ping_status":"closed","template":"","meta":{"rs_blank_template":"","rs_page_bg_color":"","slide_template_v7":"","footnotes":""},"class_list":["post-3362","page","type-page","status-publish","hentry","no-post-thumbnail"],"yoast_head":"<!-- This site is optimized with the Yoast SEO plugin v27.5 - https:\/\/yoast.com\/product\/yoast-seo-wordpress\/ -->\n<title>Resetowanie has\u0142a - Akademie der Harmonikalischen Frequenzanwendung<\/title>\n<meta name=\"robots\" content=\"index, follow, max-snippet:-1, max-image-preview:large, max-video-preview:-1\" \/>\n<link rel=\"canonical\" href=\"https:\/\/harmonikalischefrequenzen.de\/resetowanie-hasla\/\" \/>\n<meta property=\"og:locale\" content=\"pl_PL\" \/>\n<meta property=\"og:type\" content=\"article\" \/>\n<meta property=\"og:title\" content=\"Resetowanie has\u0142a - Akademie der Harmonikalischen Frequenzanwendung\" \/>\n<meta property=\"og:url\" content=\"https:\/\/harmonikalischefrequenzen.de\/resetowanie-hasla\/\" \/>\n<meta property=\"og:site_name\" content=\"Akademie der Harmonikalischen Frequenzanwendung\" \/>\n<meta name=\"twitter:card\" content=\"summary_large_image\" \/>\n<script type=\"application\/ld+json\" class=\"yoast-schema-graph\">{\"@context\":\"https:\\\/\\\/schema.org\",\"@graph\":[{\"@type\":\"WebPage\",\"@id\":\"https:\\\/\\\/harmonikalischefrequenzen.de\\\/resetowanie-hasla\\\/\",\"url\":\"https:\\\/\\\/harmonikalischefrequenzen.de\\\/resetowanie-hasla\\\/\",\"name\":\"Resetowanie has\u0142a - Akademie der Harmonikalischen Frequenzanwendung\",\"isPartOf\":{\"@id\":\"https:\\\/\\\/harmonikalischefrequenzen.de\\\/#website\"},\"datePublished\":\"2024-04-25T14:06:36+00:00\",\"breadcrumb\":{\"@id\":\"https:\\\/\\\/harmonikalischefrequenzen.de\\\/resetowanie-hasla\\\/#breadcrumb\"},\"inLanguage\":\"pl-PL\",\"potentialAction\":[{\"@type\":\"ReadAction\",\"target\":[\"https:\\\/\\\/harmonikalischefrequenzen.de\\\/resetowanie-hasla\\\/\"]}]},{\"@type\":\"BreadcrumbList\",\"@id\":\"https:\\\/\\\/harmonikalischefrequenzen.de\\\/resetowanie-hasla\\\/#breadcrumb\",\"itemListElement\":[{\"@type\":\"ListItem\",\"position\":1,\"name\":\"Startseite\",\"item\":\"https:\\\/\\\/harmonikalischefrequenzen.de\\\/pl\\\/\"},{\"@type\":\"ListItem\",\"position\":2,\"name\":\"Resetowanie has\u0142a\"}]},{\"@type\":\"WebSite\",\"@id\":\"https:\\\/\\\/harmonikalischefrequenzen.de\\\/#website\",\"url\":\"https:\\\/\\\/harmonikalischefrequenzen.de\\\/\",\"name\":\"Akademie der Harmonikalischen Frequenzanwendung\",\"description\":\"Verein der Harmonikalischen Frequenzanwendung\",\"potentialAction\":[{\"@type\":\"SearchAction\",\"target\":{\"@type\":\"EntryPoint\",\"urlTemplate\":\"https:\\\/\\\/harmonikalischefrequenzen.de\\\/?s={search_term_string}\"},\"query-input\":{\"@type\":\"PropertyValueSpecification\",\"valueRequired\":true,\"valueName\":\"search_term_string\"}}],\"inLanguage\":\"pl-PL\"}]}<\/script>\n<!-- \/ Yoast SEO plugin. -->","yoast_head_json":{"title":"Resetowanie has\u0142a - Akademie der Harmonikalischen Frequenzanwendung","robots":{"index":"index","follow":"follow","max-snippet":"max-snippet:-1","max-image-preview":"max-image-preview:large","max-video-preview":"max-video-preview:-1"},"canonical":"https:\/\/harmonikalischefrequenzen.de\/resetowanie-hasla\/","og_locale":"pl_PL","og_type":"article","og_title":"Resetowanie has\u0142a - Akademie der Harmonikalischen Frequenzanwendung","og_url":"https:\/\/harmonikalischefrequenzen.de\/resetowanie-hasla\/","og_site_name":"Akademie der Harmonikalischen Frequenzanwendung","twitter_card":"summary_large_image","schema":{"@context":"https:\/\/schema.org","@graph":[{"@type":"WebPage","@id":"https:\/\/harmonikalischefrequenzen.de\/resetowanie-hasla\/","url":"https:\/\/harmonikalischefrequenzen.de\/resetowanie-hasla\/","name":"Resetowanie has\u0142a - Akademie der Harmonikalischen Frequenzanwendung","isPartOf":{"@id":"https:\/\/harmonikalischefrequenzen.de\/#website"},"datePublished":"2024-04-25T14:06:36+00:00","breadcrumb":{"@id":"https:\/\/harmonikalischefrequenzen.de\/resetowanie-hasla\/#breadcrumb"},"inLanguage":"pl-PL","potentialAction":[{"@type":"ReadAction","target":["https:\/\/harmonikalischefrequenzen.de\/resetowanie-hasla\/"]}]},{"@type":"BreadcrumbList","@id":"https:\/\/harmonikalischefrequenzen.de\/resetowanie-hasla\/#breadcrumb","itemListElement":[{"@type":"ListItem","position":1,"name":"Startseite","item":"https:\/\/harmonikalischefrequenzen.de\/pl\/"},{"@type":"ListItem","position":2,"name":"Resetowanie has\u0142a"}]},{"@type":"WebSite","@id":"https:\/\/harmonikalischefrequenzen.de\/#website","url":"https:\/\/harmonikalischefrequenzen.de\/","name":"Akademie der Harmonikalischen Frequenzanwendung","description":"Verein der Harmonikalischen Frequenzanwendung","potentialAction":[{"@type":"SearchAction","target":{"@type":"EntryPoint","urlTemplate":"https:\/\/harmonikalischefrequenzen.de\/?s={search_term_string}"},"query-input":{"@type":"PropertyValueSpecification","valueRequired":true,"valueName":"search_term_string"}}],"inLanguage":"pl-PL"}]}},"_links":{"self":[{"href":"https:\/\/harmonikalischefrequenzen.de\/pl\/wp-json\/wp\/v2\/pages\/3362","targetHints":{"allow":["GET"]}}],"collection":[{"href":"https:\/\/harmonikalischefrequenzen.de\/pl\/wp-json\/wp\/v2\/pages"}],"about":[{"href":"https:\/\/harmonikalischefrequenzen.de\/pl\/wp-json\/wp\/v2\/types\/page"}],"author":[{"embeddable":true,"href":"https:\/\/harmonikalischefrequenzen.de\/pl\/wp-json\/wp\/v2\/users\/1"}],"replies":[{"embeddable":true,"href":"https:\/\/harmonikalischefrequenzen.de\/pl\/wp-json\/wp\/v2\/comments?post=3362"}],"version-history":[{"count":0,"href":"https:\/\/harmonikalischefrequenzen.de\/pl\/wp-json\/wp\/v2\/pages\/3362\/revisions"}],"wp:attachment":[{"href":"https:\/\/harmonikalischefrequenzen.de\/pl\/wp-json\/wp\/v2\/media?parent=3362"}],"curies":[{"name":"wp","href":"https:\/\/api.w.org\/{rel}","templated":true}]}}