{"id":3351,"date":"2024-04-25T16:02:05","date_gmt":"2024-04-25T14:02:05","guid":{"rendered":"https:\/\/harmonikalischefrequenzen.de\/wszystkie-kursy\/"},"modified":"2024-04-25T16:02:05","modified_gmt":"2024-04-25T14:02:05","slug":"wszystkie-kursy","status":"publish","type":"page","link":"https:\/\/harmonikalischefrequenzen.de\/pl\/wszystkie-kursy\/","title":{"rendered":"Wszystkie kursy"},"content":{"rendered":"\n<p><\/p>\n\n<strong> Je\u015bli jeste\u015b zainteresowany, zwr\u00f3\u0107 r\u00f3wnie\u017c uwag\u0119 na nasze kursy j\u0119zyka angielskiego i niemieckiego. Mo\u017cesz je zobaczy\u0107, zmieniaj\u0105c j\u0119zyk<br\/> w prawym g\u00f3rnym rogu.<\/strong>","protected":false},"excerpt":{"rendered":"<p>Je\u015bli jeste\u015b zainteresowany, zwr\u00f3\u0107 r\u00f3wnie\u017c uwag\u0119 na nasze kursy j\u0119zyka angielskiego i niemieckiego. Mo\u017cesz je zobaczy\u0107, zmieniaj\u0105c j\u0119zyk w prawym &#8230;<\/p>\n","protected":false},"author":1,"featured_media":0,"parent":0,"menu_order":0,"comment_status":"closed","ping_status":"closed","template":"","meta":{"rs_blank_template":"","rs_page_bg_color":"","slide_template_v7":"","footnotes":""},"class_list":["post-3351","page","type-page","status-publish","hentry","no-post-thumbnail"],"yoast_head":"<!-- This site is optimized with the Yoast SEO plugin v27.3 - https:\/\/yoast.com\/product\/yoast-seo-wordpress\/ -->\n<title>Wszystkie kursy - Akademie der Harmonikalischen Frequenzanwendung<\/title>\n<meta name=\"robots\" content=\"index, follow, max-snippet:-1, max-image-preview:large, max-video-preview:-1\" \/>\n<link rel=\"canonical\" href=\"https:\/\/harmonikalischefrequenzen.de\/pl\/wszystkie-kursy\/\" \/>\n<meta property=\"og:locale\" content=\"pl_PL\" \/>\n<meta property=\"og:type\" content=\"article\" \/>\n<meta property=\"og:title\" content=\"Wszystkie kursy - Akademie der Harmonikalischen Frequenzanwendung\" \/>\n<meta property=\"og:description\" content=\"Je\u015bli jeste\u015b zainteresowany, zwr\u00f3\u0107 r\u00f3wnie\u017c uwag\u0119 na nasze kursy j\u0119zyka angielskiego i niemieckiego. Mo\u017cesz je zobaczy\u0107, zmieniaj\u0105c j\u0119zyk w prawym ...\" \/>\n<meta property=\"og:url\" content=\"https:\/\/harmonikalischefrequenzen.de\/pl\/wszystkie-kursy\/\" \/>\n<meta property=\"og:site_name\" content=\"Akademie der Harmonikalischen Frequenzanwendung\" \/>\n<meta name=\"twitter:card\" content=\"summary_large_image\" \/>\n<script type=\"application\/ld+json\" class=\"yoast-schema-graph\">{\"@context\":\"https:\\\/\\\/schema.org\",\"@graph\":[{\"@type\":\"WebPage\",\"@id\":\"https:\\\/\\\/harmonikalischefrequenzen.de\\\/pl\\\/wszystkie-kursy\\\/\",\"url\":\"https:\\\/\\\/harmonikalischefrequenzen.de\\\/pl\\\/wszystkie-kursy\\\/\",\"name\":\"Wszystkie kursy - Akademie der Harmonikalischen Frequenzanwendung\",\"isPartOf\":{\"@id\":\"https:\\\/\\\/harmonikalischefrequenzen.de\\\/#website\"},\"datePublished\":\"2024-04-25T14:02:05+00:00\",\"breadcrumb\":{\"@id\":\"https:\\\/\\\/harmonikalischefrequenzen.de\\\/pl\\\/wszystkie-kursy\\\/#breadcrumb\"},\"inLanguage\":\"pl-PL\",\"potentialAction\":[{\"@type\":\"ReadAction\",\"target\":[\"https:\\\/\\\/harmonikalischefrequenzen.de\\\/pl\\\/wszystkie-kursy\\\/\"]}]},{\"@type\":\"BreadcrumbList\",\"@id\":\"https:\\\/\\\/harmonikalischefrequenzen.de\\\/pl\\\/wszystkie-kursy\\\/#breadcrumb\",\"itemListElement\":[{\"@type\":\"ListItem\",\"position\":1,\"name\":\"Startseite\",\"item\":\"https:\\\/\\\/harmonikalischefrequenzen.de\\\/pl\\\/\"},{\"@type\":\"ListItem\",\"position\":2,\"name\":\"Wszystkie kursy\"}]},{\"@type\":\"WebSite\",\"@id\":\"https:\\\/\\\/harmonikalischefrequenzen.de\\\/#website\",\"url\":\"https:\\\/\\\/harmonikalischefrequenzen.de\\\/\",\"name\":\"Akademie der Harmonikalischen Frequenzanwendung\",\"description\":\"Verein der Harmonikalischen Frequenzanwendung\",\"potentialAction\":[{\"@type\":\"SearchAction\",\"target\":{\"@type\":\"EntryPoint\",\"urlTemplate\":\"https:\\\/\\\/harmonikalischefrequenzen.de\\\/?s={search_term_string}\"},\"query-input\":{\"@type\":\"PropertyValueSpecification\",\"valueRequired\":true,\"valueName\":\"search_term_string\"}}],\"inLanguage\":\"pl-PL\"}]}<\/script>\n<!-- \/ Yoast SEO plugin. -->","yoast_head_json":{"title":"Wszystkie kursy - Akademie der Harmonikalischen Frequenzanwendung","robots":{"index":"index","follow":"follow","max-snippet":"max-snippet:-1","max-image-preview":"max-image-preview:large","max-video-preview":"max-video-preview:-1"},"canonical":"https:\/\/harmonikalischefrequenzen.de\/pl\/wszystkie-kursy\/","og_locale":"pl_PL","og_type":"article","og_title":"Wszystkie kursy - Akademie der Harmonikalischen Frequenzanwendung","og_description":"Je\u015bli jeste\u015b zainteresowany, zwr\u00f3\u0107 r\u00f3wnie\u017c uwag\u0119 na nasze kursy j\u0119zyka angielskiego i niemieckiego. Mo\u017cesz je zobaczy\u0107, zmieniaj\u0105c j\u0119zyk w prawym ...","og_url":"https:\/\/harmonikalischefrequenzen.de\/pl\/wszystkie-kursy\/","og_site_name":"Akademie der Harmonikalischen Frequenzanwendung","twitter_card":"summary_large_image","schema":{"@context":"https:\/\/schema.org","@graph":[{"@type":"WebPage","@id":"https:\/\/harmonikalischefrequenzen.de\/pl\/wszystkie-kursy\/","url":"https:\/\/harmonikalischefrequenzen.de\/pl\/wszystkie-kursy\/","name":"Wszystkie kursy - Akademie der Harmonikalischen Frequenzanwendung","isPartOf":{"@id":"https:\/\/harmonikalischefrequenzen.de\/#website"},"datePublished":"2024-04-25T14:02:05+00:00","breadcrumb":{"@id":"https:\/\/harmonikalischefrequenzen.de\/pl\/wszystkie-kursy\/#breadcrumb"},"inLanguage":"pl-PL","potentialAction":[{"@type":"ReadAction","target":["https:\/\/harmonikalischefrequenzen.de\/pl\/wszystkie-kursy\/"]}]},{"@type":"BreadcrumbList","@id":"https:\/\/harmonikalischefrequenzen.de\/pl\/wszystkie-kursy\/#breadcrumb","itemListElement":[{"@type":"ListItem","position":1,"name":"Startseite","item":"https:\/\/harmonikalischefrequenzen.de\/pl\/"},{"@type":"ListItem","position":2,"name":"Wszystkie kursy"}]},{"@type":"WebSite","@id":"https:\/\/harmonikalischefrequenzen.de\/#website","url":"https:\/\/harmonikalischefrequenzen.de\/","name":"Akademie der Harmonikalischen Frequenzanwendung","description":"Verein der Harmonikalischen Frequenzanwendung","potentialAction":[{"@type":"SearchAction","target":{"@type":"EntryPoint","urlTemplate":"https:\/\/harmonikalischefrequenzen.de\/?s={search_term_string}"},"query-input":{"@type":"PropertyValueSpecification","valueRequired":true,"valueName":"search_term_string"}}],"inLanguage":"pl-PL"}]}},"_links":{"self":[{"href":"https:\/\/harmonikalischefrequenzen.de\/pl\/wp-json\/wp\/v2\/pages\/3351","targetHints":{"allow":["GET"]}}],"collection":[{"href":"https:\/\/harmonikalischefrequenzen.de\/pl\/wp-json\/wp\/v2\/pages"}],"about":[{"href":"https:\/\/harmonikalischefrequenzen.de\/pl\/wp-json\/wp\/v2\/types\/page"}],"author":[{"embeddable":true,"href":"https:\/\/harmonikalischefrequenzen.de\/pl\/wp-json\/wp\/v2\/users\/1"}],"replies":[{"embeddable":true,"href":"https:\/\/harmonikalischefrequenzen.de\/pl\/wp-json\/wp\/v2\/comments?post=3351"}],"version-history":[{"count":1,"href":"https:\/\/harmonikalischefrequenzen.de\/pl\/wp-json\/wp\/v2\/pages\/3351\/revisions"}],"predecessor-version":[{"id":3352,"href":"https:\/\/harmonikalischefrequenzen.de\/pl\/wp-json\/wp\/v2\/pages\/3351\/revisions\/3352"}],"wp:attachment":[{"href":"https:\/\/harmonikalischefrequenzen.de\/pl\/wp-json\/wp\/v2\/media?parent=3351"}],"curies":[{"name":"wp","href":"https:\/\/api.w.org\/{rel}","templated":true}]}}