{"id":3336,"date":"2024-04-25T15:45:06","date_gmt":"2024-04-25T13:45:06","guid":{"rendered":"https:\/\/harmonikalischefrequenzen.de\/mitglieder-polnisch\/"},"modified":"2024-04-25T15:47:03","modified_gmt":"2024-04-25T13:47:03","slug":"czlonkostwo-w-akademii","status":"publish","type":"page","link":"https:\/\/harmonikalischefrequenzen.de\/pl\/czlonkostwo-w-akademii\/","title":{"rendered":"Cz\u0142onkostwo w Akademii"},"content":{"rendered":"<div id=\"cs-content\" class=\"cs-content\"><\/div>\n","protected":false},"excerpt":{"rendered":"<p>Cz\u0142onkostwo w AkademiiKoszt cz\u0142onkostwa wynosi 55 euro rocznie. Cz\u0142onkostwo gabinetu (wieloosobowe): 95 \u20ac rocznie. Cz\u0142onkostwo w praktyce oznacza, \u017ce wszyscy &#8230;<\/p>\n","protected":false},"author":2,"featured_media":0,"parent":0,"menu_order":0,"comment_status":"closed","ping_status":"closed","template":"template-layout-full-width.php","meta":{"rs_blank_template":"","rs_page_bg_color":"","slide_template_v7":"","footnotes":""},"class_list":["post-3336","page","type-page","status-publish","hentry","no-post-thumbnail"],"yoast_head":"<!-- This site is optimized with the Yoast SEO plugin v27.3 - https:\/\/yoast.com\/product\/yoast-seo-wordpress\/ -->\n<title>Cz\u0142onkostwo w Akademii - Akademie der Harmonikalischen Frequenzanwendung<\/title>\n<meta name=\"robots\" content=\"index, follow, max-snippet:-1, max-image-preview:large, max-video-preview:-1\" \/>\n<link rel=\"canonical\" href=\"https:\/\/harmonikalischefrequenzen.de\/pl\/czlonkostwo-w-akademii\/\" \/>\n<meta property=\"og:locale\" content=\"pl_PL\" \/>\n<meta property=\"og:type\" content=\"article\" \/>\n<meta property=\"og:title\" content=\"Cz\u0142onkostwo w Akademii - Akademie der Harmonikalischen Frequenzanwendung\" \/>\n<meta property=\"og:description\" content=\"Cz\u0142onkostwo w AkademiiKoszt cz\u0142onkostwa wynosi 55 euro rocznie. Cz\u0142onkostwo gabinetu (wieloosobowe): 95 \u20ac rocznie. Cz\u0142onkostwo w praktyce oznacza, \u017ce wszyscy ...\" \/>\n<meta property=\"og:url\" content=\"https:\/\/harmonikalischefrequenzen.de\/pl\/czlonkostwo-w-akademii\/\" \/>\n<meta property=\"og:site_name\" content=\"Akademie der Harmonikalischen Frequenzanwendung\" \/>\n<meta property=\"article:modified_time\" content=\"2024-04-25T13:47:03+00:00\" \/>\n<meta name=\"twitter:card\" content=\"summary_large_image\" \/>\n<meta name=\"twitter:label1\" content=\"Szacowany czas czytania\" \/>\n\t<meta name=\"twitter:data1\" content=\"2 minuty\" \/>\n<script type=\"application\/ld+json\" class=\"yoast-schema-graph\">{\"@context\":\"https:\\\/\\\/schema.org\",\"@graph\":[{\"@type\":\"WebPage\",\"@id\":\"https:\\\/\\\/harmonikalischefrequenzen.de\\\/pl\\\/czlonkostwo-w-akademii\\\/\",\"url\":\"https:\\\/\\\/harmonikalischefrequenzen.de\\\/pl\\\/czlonkostwo-w-akademii\\\/\",\"name\":\"Cz\u0142onkostwo w Akademii - Akademie der Harmonikalischen Frequenzanwendung\",\"isPartOf\":{\"@id\":\"https:\\\/\\\/harmonikalischefrequenzen.de\\\/#website\"},\"datePublished\":\"2024-04-25T13:45:06+00:00\",\"dateModified\":\"2024-04-25T13:47:03+00:00\",\"breadcrumb\":{\"@id\":\"https:\\\/\\\/harmonikalischefrequenzen.de\\\/pl\\\/czlonkostwo-w-akademii\\\/#breadcrumb\"},\"inLanguage\":\"pl-PL\",\"potentialAction\":[{\"@type\":\"ReadAction\",\"target\":[\"https:\\\/\\\/harmonikalischefrequenzen.de\\\/pl\\\/czlonkostwo-w-akademii\\\/\"]}]},{\"@type\":\"BreadcrumbList\",\"@id\":\"https:\\\/\\\/harmonikalischefrequenzen.de\\\/pl\\\/czlonkostwo-w-akademii\\\/#breadcrumb\",\"itemListElement\":[{\"@type\":\"ListItem\",\"position\":1,\"name\":\"Startseite\",\"item\":\"https:\\\/\\\/harmonikalischefrequenzen.de\\\/pl\\\/\"},{\"@type\":\"ListItem\",\"position\":2,\"name\":\"Cz\u0142onkostwo w Akademii\"}]},{\"@type\":\"WebSite\",\"@id\":\"https:\\\/\\\/harmonikalischefrequenzen.de\\\/#website\",\"url\":\"https:\\\/\\\/harmonikalischefrequenzen.de\\\/\",\"name\":\"Akademie der Harmonikalischen Frequenzanwendung\",\"description\":\"Verein der Harmonikalischen Frequenzanwendung\",\"potentialAction\":[{\"@type\":\"SearchAction\",\"target\":{\"@type\":\"EntryPoint\",\"urlTemplate\":\"https:\\\/\\\/harmonikalischefrequenzen.de\\\/?s={search_term_string}\"},\"query-input\":{\"@type\":\"PropertyValueSpecification\",\"valueRequired\":true,\"valueName\":\"search_term_string\"}}],\"inLanguage\":\"pl-PL\"}]}<\/script>\n<!-- \/ Yoast SEO plugin. -->","yoast_head_json":{"title":"Cz\u0142onkostwo w Akademii - Akademie der Harmonikalischen Frequenzanwendung","robots":{"index":"index","follow":"follow","max-snippet":"max-snippet:-1","max-image-preview":"max-image-preview:large","max-video-preview":"max-video-preview:-1"},"canonical":"https:\/\/harmonikalischefrequenzen.de\/pl\/czlonkostwo-w-akademii\/","og_locale":"pl_PL","og_type":"article","og_title":"Cz\u0142onkostwo w Akademii - Akademie der Harmonikalischen Frequenzanwendung","og_description":"Cz\u0142onkostwo w AkademiiKoszt cz\u0142onkostwa wynosi 55 euro rocznie. Cz\u0142onkostwo gabinetu (wieloosobowe): 95 \u20ac rocznie. Cz\u0142onkostwo w praktyce oznacza, \u017ce wszyscy ...","og_url":"https:\/\/harmonikalischefrequenzen.de\/pl\/czlonkostwo-w-akademii\/","og_site_name":"Akademie der Harmonikalischen Frequenzanwendung","article_modified_time":"2024-04-25T13:47:03+00:00","twitter_card":"summary_large_image","twitter_misc":{"Szacowany czas czytania":"2 minuty"},"schema":{"@context":"https:\/\/schema.org","@graph":[{"@type":"WebPage","@id":"https:\/\/harmonikalischefrequenzen.de\/pl\/czlonkostwo-w-akademii\/","url":"https:\/\/harmonikalischefrequenzen.de\/pl\/czlonkostwo-w-akademii\/","name":"Cz\u0142onkostwo w Akademii - Akademie der Harmonikalischen Frequenzanwendung","isPartOf":{"@id":"https:\/\/harmonikalischefrequenzen.de\/#website"},"datePublished":"2024-04-25T13:45:06+00:00","dateModified":"2024-04-25T13:47:03+00:00","breadcrumb":{"@id":"https:\/\/harmonikalischefrequenzen.de\/pl\/czlonkostwo-w-akademii\/#breadcrumb"},"inLanguage":"pl-PL","potentialAction":[{"@type":"ReadAction","target":["https:\/\/harmonikalischefrequenzen.de\/pl\/czlonkostwo-w-akademii\/"]}]},{"@type":"BreadcrumbList","@id":"https:\/\/harmonikalischefrequenzen.de\/pl\/czlonkostwo-w-akademii\/#breadcrumb","itemListElement":[{"@type":"ListItem","position":1,"name":"Startseite","item":"https:\/\/harmonikalischefrequenzen.de\/pl\/"},{"@type":"ListItem","position":2,"name":"Cz\u0142onkostwo w Akademii"}]},{"@type":"WebSite","@id":"https:\/\/harmonikalischefrequenzen.de\/#website","url":"https:\/\/harmonikalischefrequenzen.de\/","name":"Akademie der Harmonikalischen Frequenzanwendung","description":"Verein der Harmonikalischen Frequenzanwendung","potentialAction":[{"@type":"SearchAction","target":{"@type":"EntryPoint","urlTemplate":"https:\/\/harmonikalischefrequenzen.de\/?s={search_term_string}"},"query-input":{"@type":"PropertyValueSpecification","valueRequired":true,"valueName":"search_term_string"}}],"inLanguage":"pl-PL"}]}},"_links":{"self":[{"href":"https:\/\/harmonikalischefrequenzen.de\/pl\/wp-json\/wp\/v2\/pages\/3336","targetHints":{"allow":["GET"]}}],"collection":[{"href":"https:\/\/harmonikalischefrequenzen.de\/pl\/wp-json\/wp\/v2\/pages"}],"about":[{"href":"https:\/\/harmonikalischefrequenzen.de\/pl\/wp-json\/wp\/v2\/types\/page"}],"author":[{"embeddable":true,"href":"https:\/\/harmonikalischefrequenzen.de\/pl\/wp-json\/wp\/v2\/users\/2"}],"replies":[{"embeddable":true,"href":"https:\/\/harmonikalischefrequenzen.de\/pl\/wp-json\/wp\/v2\/comments?post=3336"}],"version-history":[{"count":4,"href":"https:\/\/harmonikalischefrequenzen.de\/pl\/wp-json\/wp\/v2\/pages\/3336\/revisions"}],"predecessor-version":[{"id":3340,"href":"https:\/\/harmonikalischefrequenzen.de\/pl\/wp-json\/wp\/v2\/pages\/3336\/revisions\/3340"}],"wp:attachment":[{"href":"https:\/\/harmonikalischefrequenzen.de\/pl\/wp-json\/wp\/v2\/media?parent=3336"}],"curies":[{"name":"wp","href":"https:\/\/api.w.org\/{rel}","templated":true}]}}